{"id":62,"date":"2016-02-17T21:02:36","date_gmt":"2016-02-17T20:02:36","guid":{"rendered":"http:\/\/www.sc-oberes-johannland.de\/?page_id=62"},"modified":"2023-03-11T10:03:44","modified_gmt":"2023-03-11T09:03:44","slug":"der-vorstand-und-funktionsaemter","status":"publish","type":"page","link":"http:\/\/www.sc-oberes-johannland.de\/?page_id=62","title":{"rendered":"Der Vorstand und Funktions\u00e4mter"},"content":{"rendered":"<table border=\"0\" cellspacing=\"0\" cellpadding=\"0\">\n<tbody>\n<tr>\n<td><strong>1. Vorsitzender:<br \/>\n<\/strong><\/td>\n<td>Volker Schmitt, Tel.: 02737 93667<\/td>\n<\/tr>\n<tr>\n<td><strong>2. Vorsitzender:<\/strong><\/td>\n<td>Johannes-Werner Groos<\/td>\n<\/tr>\n<tr>\n<td><strong>Schriftf\u00fchrer:<\/strong><\/td>\n<td>Bernd Nie\u00dfen<\/td>\n<\/tr>\n<tr>\n<td><strong>Kassenwart:<\/strong><\/td>\n<td>Hans Sting<\/td>\n<\/tr>\n<tr>\n<td><strong>Beisitzer:<\/strong><\/td>\n<td>Werner B\u00fcdenbender<\/td>\n<\/tr>\n<tr>\n<td><strong>Beisitzer:<\/strong><\/td>\n<td>Karl-Heinz Seelbach<\/td>\n<\/tr>\n<tr>\n<td><strong>Beisitzer:<\/strong><\/td>\n<td>Andreas B\u00fcdenbender<\/td>\n<\/tr>\n<tr>\n<td><strong>Kassenpr\u00fcfer:<\/strong><\/td>\n<td><\/td>\n<\/tr>\n<tr>\n<td colspan=\"2\"><strong><br \/>\nWeitere Positionen<\/strong><\/td>\n<\/tr>\n<tr>\n<td><strong>H\u00fcttenwarte:<br \/>\n<\/strong><\/td>\n<td>Werner B\u00fcdenbender<br \/>\nBernd Kr\u00e4mer<\/td>\n<\/tr>\n<tr>\n<td><strong>Loipenwarte:<\/strong><\/td>\n<td>Johannes-Werner Groos<\/td>\n<\/tr>\n<tr>\n<td><strong>Wanderwart<\/strong><\/td>\n<td><\/td>\n<\/tr>\n<tr>\n<td><strong>Pressewart\/Webmaster:<\/strong><\/td>\n<td><\/td>\n<\/tr>\n<\/tbody>\n<\/table>\n","protected":false},"excerpt":{"rendered":"<p>1. Vorsitzender: Volker Schmitt, Tel.: 02737 93667 2. Vorsitzender: Johannes-Werner Groos Schriftf\u00fchrer: Bernd Nie\u00dfen Kassenwart: Hans Sting Beisitzer: Werner B\u00fcdenbender Beisitzer: Karl-Heinz Seelbach Beisitzer: Andreas B\u00fcdenbender Kassenpr\u00fcfer: Weitere Positionen H\u00fcttenwarte: Werner B\u00fcdenbender Bernd Kr\u00e4mer Loipenwarte: Johannes-Werner Groos Wanderwart Pressewart\/Webmaster:<\/p>\n","protected":false},"author":1,"featured_media":0,"parent":0,"menu_order":0,"comment_status":"closed","ping_status":"closed","template":"","meta":{"footnotes":""},"class_list":["post-62","page","type-page","status-publish","hentry"],"_links":{"self":[{"href":"http:\/\/www.sc-oberes-johannland.de\/index.php?rest_route=\/wp\/v2\/pages\/62","targetHints":{"allow":["GET"]}}],"collection":[{"href":"http:\/\/www.sc-oberes-johannland.de\/index.php?rest_route=\/wp\/v2\/pages"}],"about":[{"href":"http:\/\/www.sc-oberes-johannland.de\/index.php?rest_route=\/wp\/v2\/types\/page"}],"author":[{"embeddable":true,"href":"http:\/\/www.sc-oberes-johannland.de\/index.php?rest_route=\/wp\/v2\/users\/1"}],"replies":[{"embeddable":true,"href":"http:\/\/www.sc-oberes-johannland.de\/index.php?rest_route=%2Fwp%2Fv2%2Fcomments&post=62"}],"version-history":[{"count":10,"href":"http:\/\/www.sc-oberes-johannland.de\/index.php?rest_route=\/wp\/v2\/pages\/62\/revisions"}],"predecessor-version":[{"id":982,"href":"http:\/\/www.sc-oberes-johannland.de\/index.php?rest_route=\/wp\/v2\/pages\/62\/revisions\/982"}],"wp:attachment":[{"href":"http:\/\/www.sc-oberes-johannland.de\/index.php?rest_route=%2Fwp%2Fv2%2Fmedia&parent=62"}],"curies":[{"name":"wp","href":"https:\/\/api.w.org\/{rel}","templated":true}]}}